{"id":6046,"date":"2020-08-31T09:47:49","date_gmt":"2020-08-31T09:47:49","guid":{"rendered":"https:\/\/nathandb.ch\/wp\/?page_id=6046"},"modified":"2021-05-05T15:18:44","modified_gmt":"2021-05-05T15:18:44","slug":"uber-uns","status":"publish","type":"page","link":"https:\/\/nathandb.ch\/de\/uber-uns\/","title":{"rendered":"Uber uns"},"content":{"rendered":"<p>[vc_row][vc_column][vc_column_text width=&#8221;1\/1&#8243; el_position=&#8221;first last&#8221;]<\/p>\n<h1><strong>Unsere Gruppe, unsere st\u00e4rke <\/strong>!<\/h1>\n<p>[\/vc_column_text][vc_separator height_2=&#8221;30&#8243; height=&#8221;-40&#8243; show_border=&#8221;yes_border&#8221; top=&#8221;-30&#8243; bottom=&#8221;40&#8243; width=&#8221;1\/1&#8243; el_position=&#8221;first last&#8221;][\/vc_column][\/vc_row][vc_row][vc_column][vc_column_text el_class=&#8221;lessMargin&#8221; width=&#8221;1\/1&#8243; el_position=&#8221;first last&#8221;]Nathan Group SA ist ein Schweizer Unternehmen mit Hauptsitz in Mendrisio.<\/p>\n<p>Unsere Hauptt\u00e4tigkeit ist der Handel und Vertrieb aller Produkte zur Umh\u00fcllung und Verpacken in der Schweiz.<\/p>\n<p>Wir sind auf jede Art von Lieferung spezialisiert, von kleinen bis zu h\u00f6heren Mengen mit der M\u00f6glichkeit des &#8220;Just-in-Time&#8221; -Managements.<\/p>\n<p>Unser Unternehmen wird von allen Kunden f\u00fcr seine Effizienz und Garantie sowie das hervorragende Preis-Leistungs-Verh\u00e4ltnis gesch\u00e4tzt.<\/p>\n<p>F\u00fcr jede Angebotsanfrage steht Ihnen unser Team zur Verf\u00fcgung.[\/vc_column_text][\/vc_column][\/vc_row][vc_row][vc_column][vc_single_image image=&#8221;6020&#8243; alignment=&#8221;center&#8221; img_size=&#8221;full&#8221;][\/vc_column][\/vc_row]<\/p>\n","protected":false},"excerpt":{"rendered":"<p>[vc_row][vc_column][vc_column_text width=&#8221;1\/1&#8243; el_position=&#8221;first last&#8221;] Unsere Gruppe, unsere st\u00e4rke ! [\/vc_column_text][vc_separator height_2=&#8221;30&#8243; height=&#8221;-40&#8243; show_border=&#8221;yes_border&#8221; top=&#8221;-30&#8243; bottom=&#8221;40&#8243; width=&#8221;1\/1&#8243; el_position=&#8221;first last&#8221;][\/vc_column][\/vc_row][vc_row][vc_column][vc_column_text el_class=&#8221;lessMargin&#8221; width=&#8221;1\/1&#8243; el_position=&#8221;first last&#8221;]Nathan Group SA ist ein Schweizer Unternehmen mit Hauptsitz in Mendrisio. Unsere Hauptt\u00e4tigkeit ist der Handel und Vertrieb aller Produkte zur Umh\u00fcllung und Verpacken in der Schweiz. Wir sind auf jede Art von Lieferung [&hellip;]<\/p>\n","protected":false},"author":1,"featured_media":0,"parent":0,"menu_order":0,"comment_status":"closed","ping_status":"closed","template":"","meta":{"_vp_format_video_url":"","_vp_image_focal_point":[],"_vp_custom_popup_image":0,"_vp_format_audio_url":"","_vp_custom_thumbnail":0,"_vp_custom_thumbnail_focal_point":[],"_vp_hover_thumbnail":0,"_vp_hover_thumbnail_focal_point":[],"footnotes":""},"class_list":["post-6046","page","type-page","status-publish","hentry"],"_links":{"self":[{"href":"https:\/\/nathandb.ch\/de\/wp-json\/wp\/v2\/pages\/6046","targetHints":{"allow":["GET"]}}],"collection":[{"href":"https:\/\/nathandb.ch\/de\/wp-json\/wp\/v2\/pages"}],"about":[{"href":"https:\/\/nathandb.ch\/de\/wp-json\/wp\/v2\/types\/page"}],"author":[{"embeddable":true,"href":"https:\/\/nathandb.ch\/de\/wp-json\/wp\/v2\/users\/1"}],"replies":[{"embeddable":true,"href":"https:\/\/nathandb.ch\/de\/wp-json\/wp\/v2\/comments?post=6046"}],"version-history":[{"count":2,"href":"https:\/\/nathandb.ch\/de\/wp-json\/wp\/v2\/pages\/6046\/revisions"}],"predecessor-version":[{"id":7434,"href":"https:\/\/nathandb.ch\/de\/wp-json\/wp\/v2\/pages\/6046\/revisions\/7434"}],"wp:attachment":[{"href":"https:\/\/nathandb.ch\/de\/wp-json\/wp\/v2\/media?parent=6046"}],"curies":[{"name":"wp","href":"https:\/\/api.w.org\/{rel}","templated":true}]}}