{"id":7596,"date":"2021-08-25T10:08:58","date_gmt":"2021-08-25T10:08:58","guid":{"rendered":"https:\/\/nathandb.ch\/?page_id=7596"},"modified":"2021-11-30T08:32:18","modified_gmt":"2021-11-30T08:32:18","slug":"produkte","status":"publish","type":"page","link":"https:\/\/nathandb.ch\/de\/produkte\/","title":{"rendered":"Produkte"},"content":{"rendered":"<p>[vc_row][vc_column][vc_column_text]<\/p>\n<h1 style=\"text-align: center;\">KARTON VERPACKUNGEN<\/h1>\n<p>[\/vc_column_text]\n<div class=\"vp-portfolio vp-uid-7d9fac27 vp-id-7652  \"\n    data-vp-layout=\"masonry\" data-vp-content-source=\"post-based\" data-vp-items-style=\"default\" data-vp-items-click-action=\"url\" data-vp-items-gap=\"45\" data-vp-items-gap-vertical=\"\" data-vp-pagination=\"paged\" data-vp-next-page-url=\"\" data-vp-masonry-columns=\"3\" >\n    <div class=\"vp-portfolio__preloader-wrap\">\n        <div class=\"vp-portfolio__preloader\">\n            <img decoding=\"async\" loading=\"eager\" src=\"https:\/\/nathandb.ch\/wp-content\/plugins\/visual-portfolio\/assets\/images\/logo-dark.svg\" alt=\"Visual Portfolio, Posts &amp; Image Gallery for WordPress\" width=\"20\" height=\"20\" data-skip-lazy>\n        <\/div>\n    <\/div>\n        <div class=\"vp-portfolio__layout-elements vp-portfolio__layout-elements-top vp-portfolio__layout-elements-align-center\">\n                <div class=\"vp-portfolio__filter-wrap\">\n        \n<div class=\"vp-filter vp-filter__style-default\">\n            <div class=\"vp-filter__item vp-filter__item-active\">\n            <a href=\"https:\/\/nathandb.ch\/de\/wp-json\/wp\/v2\/pages\/7596\" data-vp-filter=\"*\">\n                All\n                            <\/a>\n        <\/div>\n                <div class=\"vp-filter__item\">\n            <a href=\"https:\/\/nathandb.ch\/de\/wp-json\/wp\/v2\/pages\/7596?vp_filter=portfolio_category%3Aetui\" data-vp-filter=\"etui\">\n                Etui\n                            <\/a>\n        <\/div>\n                <div class=\"vp-filter__item\">\n            <a href=\"https:\/\/nathandb.ch\/de\/wp-json\/wp\/v2\/pages\/7596?vp_filter=portfolio_category%3Ainnenleben-separationen\" data-vp-filter=\"innenleben-separationen\">\n                Innenleben\/ Separationen\n                            <\/a>\n        <\/div>\n                <div class=\"vp-filter__item\">\n            <a href=\"https:\/\/nathandb.ch\/de\/wp-json\/wp\/v2\/pages\/7596?vp_filter=portfolio_category%3Akarton-verpackungen\" data-vp-filter=\"karton-verpackungen\">\n                Karton-Verpackungen\n                            <\/a>\n        <\/div>\n                <div class=\"vp-filter__item\">\n            <a href=\"https:\/\/nathandb.ch\/de\/wp-json\/wp\/v2\/pages\/7596?vp_filter=portfolio_category%3Akartons-mit-klebebandverschluss\" data-vp-filter=\"kartons-mit-klebebandverschluss\">\n                Kartons mit Klebebandverschluss\n                            <\/a>\n        <\/div>\n                <div class=\"vp-filter__item\">\n            <a href=\"https:\/\/nathandb.ch\/de\/wp-json\/wp\/v2\/pages\/7596?vp_filter=portfolio_category%3Ascatole-shopper-de\" data-vp-filter=\"scatole-shopper-de\">\n                Shopper de\n                            <\/a>\n        <\/div>\n        <\/div>\n        <\/div>\n                <\/div>\n                <div class=\"vp-portfolio__items-wrap\">\n            \n<div class=\"vp-portfolio__items vp-portfolio__items-style-default vp-portfolio__items-show-overlay-hover vp-portfolio__items-show-image-filter-hover\">\n\n        <article        class=\"vp-portfolio__item-wrap post-7669 portfolio type-portfolio status-publish format-standard has-post-thumbnail hentry portfolio_category-etui portfolio_category-karton-verpackungen vp-portfolio__item-uid-f0004bff\" data-vp-filter=\"etui,karton-verpackungen\"         >\n            \n<div class=\"vp-portfolio__item-popup\" data-vp-popup-img=\"https:\/\/nathandb.ch\/wp-content\/uploads\/2019\/12\/16_C9568_1.png\" data-vp-popup-img-srcset=\"https:\/\/nathandb.ch\/wp-content\/uploads\/2019\/12\/16_C9568_1.png 1500w, https:\/\/nathandb.ch\/wp-content\/uploads\/2019\/12\/16_C9568_1-300x300.png 300w, https:\/\/nathandb.ch\/wp-content\/uploads\/2019\/12\/16_C9568_1-1024x1024.png 1024w, https:\/\/nathandb.ch\/wp-content\/uploads\/2019\/12\/16_C9568_1-150x150.png 150w, https:\/\/nathandb.ch\/wp-content\/uploads\/2019\/12\/16_C9568_1-768x768.png 768w\" data-vp-popup-img-size=\"1500x1500\" data-vp-popup-md-img=\"https:\/\/nathandb.ch\/wp-content\/uploads\/2019\/12\/16_C9568_1.png\" data-vp-popup-md-img-size=\"800x800\" data-vp-popup-sm-img=\"https:\/\/nathandb.ch\/wp-content\/uploads\/2019\/12\/16_C9568_1.png\" data-vp-popup-sm-img-size=\"500x500\">\n            <h3 class=\"vp-portfolio__item-popup-title\">16_C9568_1<\/h3>\n                <div class=\"vp-portfolio__item-popup-description\">16_C9568_1<\/div>\n        <\/div>\n                        <figure class=\"vp-portfolio__item\">\n                \n<div class=\"vp-portfolio__item-img-wrap\">\n    <div class=\"vp-portfolio__item-img\">\n            <a\n        href=\"https:\/\/nathandb.ch\/de\/portfolio\/etui\/\"\n            >\n    \n        <img loading=\"lazy\" decoding=\"async\" width=\"1500\" height=\"1500\" src=\"https:\/\/nathandb.ch\/wp-content\/uploads\/2019\/12\/16_C9568_1.png\" class=\"wp-image-5976\" alt=\"\" srcset=\"https:\/\/nathandb.ch\/wp-content\/uploads\/2019\/12\/16_C9568_1.png 1500w, https:\/\/nathandb.ch\/wp-content\/uploads\/2019\/12\/16_C9568_1-300x300.png 300w, https:\/\/nathandb.ch\/wp-content\/uploads\/2019\/12\/16_C9568_1-1024x1024.png 1024w, https:\/\/nathandb.ch\/wp-content\/uploads\/2019\/12\/16_C9568_1-150x150.png 150w, https:\/\/nathandb.ch\/wp-content\/uploads\/2019\/12\/16_C9568_1-768x768.png 768w\" sizes=\"auto, (max-width: 1500px) 100vw, 1500px\" \/>\n        <div class=\"vp-portfolio__item-img-overlay\">\n                    <\/div>\n\n        <\/a>    <\/div>\n<\/div>\n\n<figcaption class=\"vp-portfolio__item-overlay vp-portfolio__item-align-center\">\n            <div class=\"vp-portfolio__item-meta\">\n            \n<h2 class=\"vp-portfolio__item-meta-title\">\n        <a\n        href=\"https:\/\/nathandb.ch\/de\/portfolio\/etui\/\"\n            >\n    Etui<\/a><\/h2>\n        <\/div>\n    <\/figcaption>\n            <\/figure>\n                    <\/article>\n        \n        <article        class=\"vp-portfolio__item-wrap post-7664 portfolio type-portfolio status-publish format-standard has-post-thumbnail hentry portfolio_category-etui portfolio_category-karton-verpackungen vp-portfolio__item-uid-8eb13742\" data-vp-filter=\"etui,karton-verpackungen\"         >\n            \n<div class=\"vp-portfolio__item-popup\" data-vp-popup-img=\"https:\/\/nathandb.ch\/wp-content\/uploads\/2019\/12\/16_10678_1.png\" data-vp-popup-img-srcset=\"https:\/\/nathandb.ch\/wp-content\/uploads\/2019\/12\/16_10678_1.png 1500w, https:\/\/nathandb.ch\/wp-content\/uploads\/2019\/12\/16_10678_1-300x300.png 300w, https:\/\/nathandb.ch\/wp-content\/uploads\/2019\/12\/16_10678_1-1024x1024.png 1024w, https:\/\/nathandb.ch\/wp-content\/uploads\/2019\/12\/16_10678_1-150x150.png 150w, https:\/\/nathandb.ch\/wp-content\/uploads\/2019\/12\/16_10678_1-768x768.png 768w\" data-vp-popup-img-size=\"1500x1500\" data-vp-popup-md-img=\"https:\/\/nathandb.ch\/wp-content\/uploads\/2019\/12\/16_10678_1.png\" data-vp-popup-md-img-size=\"800x800\" data-vp-popup-sm-img=\"https:\/\/nathandb.ch\/wp-content\/uploads\/2019\/12\/16_10678_1.png\" data-vp-popup-sm-img-size=\"500x500\">\n            <h3 class=\"vp-portfolio__item-popup-title\">16_10678_1<\/h3>\n                <div class=\"vp-portfolio__item-popup-description\">16_10678_1<\/div>\n        <\/div>\n                        <figure class=\"vp-portfolio__item\">\n                \n<div class=\"vp-portfolio__item-img-wrap\">\n    <div class=\"vp-portfolio__item-img\">\n            <a\n        href=\"https:\/\/nathandb.ch\/de\/portfolio\/astuccio-con-tratteggio-cod-16_10678-de\/\"\n            >\n    \n        <img loading=\"lazy\" decoding=\"async\" width=\"1500\" height=\"1500\" src=\"https:\/\/nathandb.ch\/wp-content\/uploads\/2019\/12\/16_10678_1.png\" class=\"wp-image-5990\" alt=\"\" srcset=\"https:\/\/nathandb.ch\/wp-content\/uploads\/2019\/12\/16_10678_1.png 1500w, https:\/\/nathandb.ch\/wp-content\/uploads\/2019\/12\/16_10678_1-300x300.png 300w, https:\/\/nathandb.ch\/wp-content\/uploads\/2019\/12\/16_10678_1-1024x1024.png 1024w, https:\/\/nathandb.ch\/wp-content\/uploads\/2019\/12\/16_10678_1-150x150.png 150w, https:\/\/nathandb.ch\/wp-content\/uploads\/2019\/12\/16_10678_1-768x768.png 768w\" sizes=\"auto, (max-width: 1500px) 100vw, 1500px\" \/>\n        <div class=\"vp-portfolio__item-img-overlay\">\n                    <\/div>\n\n        <\/a>    <\/div>\n<\/div>\n\n<figcaption class=\"vp-portfolio__item-overlay vp-portfolio__item-align-center\">\n            <div class=\"vp-portfolio__item-meta\">\n            \n<h2 class=\"vp-portfolio__item-meta-title\">\n        <a\n        href=\"https:\/\/nathandb.ch\/de\/portfolio\/astuccio-con-tratteggio-cod-16_10678-de\/\"\n            >\n    Astuccio con tratteggio &#8211; COD. 16_10678 DE<\/a><\/h2>\n        <\/div>\n    <\/figcaption>\n            <\/figure>\n                    <\/article>\n        \n        <article        class=\"vp-portfolio__item-wrap post-7555 portfolio type-portfolio status-publish format-standard has-post-thumbnail hentry portfolio_category-etui portfolio_category-karton-verpackungen vp-portfolio__item-uid-d0ddea4e\" data-vp-filter=\"etui,karton-verpackungen\"         >\n            \n<div class=\"vp-portfolio__item-popup\" data-vp-popup-img=\"https:\/\/nathandb.ch\/wp-content\/uploads\/2020\/10\/nathan-sacchetti-05.jpg\" data-vp-popup-img-srcset=\"https:\/\/nathandb.ch\/wp-content\/uploads\/2020\/10\/nathan-sacchetti-05.jpg 700w, https:\/\/nathandb.ch\/wp-content\/uploads\/2020\/10\/nathan-sacchetti-05-177x300.jpg 177w, https:\/\/nathandb.ch\/wp-content\/uploads\/2020\/10\/nathan-sacchetti-05-605x1024.jpg 605w, https:\/\/nathandb.ch\/wp-content\/uploads\/2020\/10\/nathan-sacchetti-05-500x846.jpg 500w\" data-vp-popup-img-size=\"700x1184\" data-vp-popup-md-img=\"https:\/\/nathandb.ch\/wp-content\/uploads\/2020\/10\/nathan-sacchetti-05.jpg\" data-vp-popup-md-img-size=\"700x1184\" data-vp-popup-sm-img=\"https:\/\/nathandb.ch\/wp-content\/uploads\/2020\/10\/nathan-sacchetti-05-500x846.jpg\" data-vp-popup-sm-img-size=\"500x846\">\n            <h3 class=\"vp-portfolio__item-popup-title\">nathan-sacchetti-05<\/h3>\n                <div class=\"vp-portfolio__item-popup-description\">nathan-sacchetti-05<\/div>\n        <\/div>\n                        <figure class=\"vp-portfolio__item\">\n                \n<div class=\"vp-portfolio__item-img-wrap\">\n    <div class=\"vp-portfolio__item-img\">\n            <a\n        href=\"https:\/\/nathandb.ch\/de\/portfolio\/papiersack\/\"\n            >\n    \n        <img loading=\"lazy\" decoding=\"async\" width=\"700\" height=\"1184\" src=\"https:\/\/nathandb.ch\/wp-content\/uploads\/2020\/10\/nathan-sacchetti-05.jpg\" class=\"wp-image-6567\" alt=\"\" srcset=\"https:\/\/nathandb.ch\/wp-content\/uploads\/2020\/10\/nathan-sacchetti-05.jpg 700w, https:\/\/nathandb.ch\/wp-content\/uploads\/2020\/10\/nathan-sacchetti-05-177x300.jpg 177w, https:\/\/nathandb.ch\/wp-content\/uploads\/2020\/10\/nathan-sacchetti-05-605x1024.jpg 605w, https:\/\/nathandb.ch\/wp-content\/uploads\/2020\/10\/nathan-sacchetti-05-500x846.jpg 500w\" sizes=\"auto, (max-width: 700px) 100vw, 700px\" \/>\n        <div class=\"vp-portfolio__item-img-overlay\">\n                    <\/div>\n\n        <\/a>    <\/div>\n<\/div>\n\n<figcaption class=\"vp-portfolio__item-overlay vp-portfolio__item-align-center\">\n            <div class=\"vp-portfolio__item-meta\">\n            \n<h2 class=\"vp-portfolio__item-meta-title\">\n        <a\n        href=\"https:\/\/nathandb.ch\/de\/portfolio\/papiersack\/\"\n            >\n    Papiersack<\/a><\/h2>\n        <\/div>\n    <\/figcaption>\n            <\/figure>\n                    <\/article>\n        \n        <article        class=\"vp-portfolio__item-wrap post-7548 portfolio type-portfolio status-publish format-standard has-post-thumbnail hentry portfolio_category-innenleben-separationen portfolio_category-karton-verpackungen vp-portfolio__item-uid-b777a7b2\" data-vp-filter=\"innenleben-separationen,karton-verpackungen\"         >\n            \n<div class=\"vp-portfolio__item-popup\" data-vp-popup-img=\"https:\/\/nathandb.ch\/wp-content\/uploads\/2020\/09\/nathan-castelli-04.jpg\" data-vp-popup-img-srcset=\"https:\/\/nathandb.ch\/wp-content\/uploads\/2020\/09\/nathan-castelli-04.jpg 900w, https:\/\/nathandb.ch\/wp-content\/uploads\/2020\/09\/nathan-castelli-04-169x300.jpg 169w, https:\/\/nathandb.ch\/wp-content\/uploads\/2020\/09\/nathan-castelli-04-576x1024.jpg 576w, https:\/\/nathandb.ch\/wp-content\/uploads\/2020\/09\/nathan-castelli-04-768x1365.jpg 768w, https:\/\/nathandb.ch\/wp-content\/uploads\/2020\/09\/nathan-castelli-04-864x1536.jpg 864w\" data-vp-popup-img-size=\"900x1600\" data-vp-popup-md-img=\"https:\/\/nathandb.ch\/wp-content\/uploads\/2020\/09\/nathan-castelli-04.jpg\" data-vp-popup-md-img-size=\"800x1422\" data-vp-popup-sm-img=\"https:\/\/nathandb.ch\/wp-content\/uploads\/2020\/09\/nathan-castelli-04.jpg\" data-vp-popup-sm-img-size=\"500x889\">\n            <h3 class=\"vp-portfolio__item-popup-title\">nathan-castelli-04<\/h3>\n                <div class=\"vp-portfolio__item-popup-description\">nathan-castelli-04<\/div>\n        <\/div>\n                        <figure class=\"vp-portfolio__item\">\n                \n<div class=\"vp-portfolio__item-img-wrap\">\n    <div class=\"vp-portfolio__item-img\">\n            <a\n        href=\"https:\/\/nathandb.ch\/de\/portfolio\/papierkorb\/\"\n            >\n    \n        <img loading=\"lazy\" decoding=\"async\" width=\"900\" height=\"1600\" src=\"https:\/\/nathandb.ch\/wp-content\/uploads\/2020\/09\/nathan-castelli-04.jpg\" class=\"wp-image-6120\" alt=\"\" srcset=\"https:\/\/nathandb.ch\/wp-content\/uploads\/2020\/09\/nathan-castelli-04.jpg 900w, https:\/\/nathandb.ch\/wp-content\/uploads\/2020\/09\/nathan-castelli-04-169x300.jpg 169w, https:\/\/nathandb.ch\/wp-content\/uploads\/2020\/09\/nathan-castelli-04-576x1024.jpg 576w, https:\/\/nathandb.ch\/wp-content\/uploads\/2020\/09\/nathan-castelli-04-768x1365.jpg 768w, https:\/\/nathandb.ch\/wp-content\/uploads\/2020\/09\/nathan-castelli-04-864x1536.jpg 864w\" sizes=\"auto, (max-width: 900px) 100vw, 900px\" \/>\n        <div class=\"vp-portfolio__item-img-overlay\">\n                    <\/div>\n\n        <\/a>    <\/div>\n<\/div>\n\n<figcaption class=\"vp-portfolio__item-overlay vp-portfolio__item-align-center\">\n            <div class=\"vp-portfolio__item-meta\">\n            \n<h2 class=\"vp-portfolio__item-meta-title\">\n        <a\n        href=\"https:\/\/nathandb.ch\/de\/portfolio\/papierkorb\/\"\n            >\n    Papierkorb<\/a><\/h2>\n        <\/div>\n    <\/figcaption>\n            <\/figure>\n                    <\/article>\n        \n        <article        class=\"vp-portfolio__item-wrap post-7466 portfolio type-portfolio status-publish format-standard has-post-thumbnail hentry portfolio_category-karton-verpackungen portfolio_category-kartons-mit-klebebandverschluss vp-portfolio__item-uid-633b8200\" data-vp-filter=\"karton-verpackungen,kartons-mit-klebebandverschluss\"         >\n            \n<div class=\"vp-portfolio__item-popup\" data-vp-popup-img=\"https:\/\/nathandb.ch\/wp-content\/uploads\/2020\/09\/RIVE-DU-BISSE-2-scaled.jpg\" data-vp-popup-img-srcset=\"https:\/\/nathandb.ch\/wp-content\/uploads\/2020\/09\/RIVE-DU-BISSE-2-scaled.jpg 2560w, https:\/\/nathandb.ch\/wp-content\/uploads\/2020\/09\/RIVE-DU-BISSE-2-300x225.jpg 300w, https:\/\/nathandb.ch\/wp-content\/uploads\/2020\/09\/RIVE-DU-BISSE-2-1024x768.jpg 1024w, https:\/\/nathandb.ch\/wp-content\/uploads\/2020\/09\/RIVE-DU-BISSE-2-768x576.jpg 768w, https:\/\/nathandb.ch\/wp-content\/uploads\/2020\/09\/RIVE-DU-BISSE-2-1536x1152.jpg 1536w, https:\/\/nathandb.ch\/wp-content\/uploads\/2020\/09\/RIVE-DU-BISSE-2-2048x1536.jpg 2048w\" data-vp-popup-img-size=\"1920x1440\" data-vp-popup-md-img=\"https:\/\/nathandb.ch\/wp-content\/uploads\/2020\/09\/RIVE-DU-BISSE-2-scaled.jpg\" data-vp-popup-md-img-size=\"800x600\" data-vp-popup-sm-img=\"https:\/\/nathandb.ch\/wp-content\/uploads\/2020\/09\/RIVE-DU-BISSE-2-scaled.jpg\" data-vp-popup-sm-img-size=\"500x375\">\n            <h3 class=\"vp-portfolio__item-popup-title\">RIVE DU BISSE 2<\/h3>\n                <div class=\"vp-portfolio__item-popup-description\">RIVE DU BISSE 2<\/div>\n        <\/div>\n                        <figure class=\"vp-portfolio__item\">\n                \n<div class=\"vp-portfolio__item-img-wrap\">\n    <div class=\"vp-portfolio__item-img\">\n            <a\n        href=\"https:\/\/nathandb.ch\/de\/portfolio\/aaaa\/\"\n            >\n    \n        <img loading=\"lazy\" decoding=\"async\" width=\"1920\" height=\"1440\" src=\"https:\/\/nathandb.ch\/wp-content\/uploads\/2020\/09\/RIVE-DU-BISSE-2-scaled.jpg\" class=\"wp-image-6317\" alt=\"\" srcset=\"https:\/\/nathandb.ch\/wp-content\/uploads\/2020\/09\/RIVE-DU-BISSE-2-scaled.jpg 2560w, https:\/\/nathandb.ch\/wp-content\/uploads\/2020\/09\/RIVE-DU-BISSE-2-300x225.jpg 300w, https:\/\/nathandb.ch\/wp-content\/uploads\/2020\/09\/RIVE-DU-BISSE-2-1024x768.jpg 1024w, https:\/\/nathandb.ch\/wp-content\/uploads\/2020\/09\/RIVE-DU-BISSE-2-768x576.jpg 768w, https:\/\/nathandb.ch\/wp-content\/uploads\/2020\/09\/RIVE-DU-BISSE-2-1536x1152.jpg 1536w, https:\/\/nathandb.ch\/wp-content\/uploads\/2020\/09\/RIVE-DU-BISSE-2-2048x1536.jpg 2048w\" sizes=\"auto, (max-width: 1920px) 100vw, 1920px\" \/>\n        <div class=\"vp-portfolio__item-img-overlay\">\n                    <\/div>\n\n        <\/a>    <\/div>\n<\/div>\n\n<figcaption class=\"vp-portfolio__item-overlay vp-portfolio__item-align-center\">\n            <div class=\"vp-portfolio__item-meta\">\n            \n<h2 class=\"vp-portfolio__item-meta-title\">\n        <a\n        href=\"https:\/\/nathandb.ch\/de\/portfolio\/aaaa\/\"\n            >\n    Kartonverpackung-a<\/a><\/h2>\n        <\/div>\n    <\/figcaption>\n            <\/figure>\n                    <\/article>\n        \n        <article        class=\"vp-portfolio__item-wrap post-7474 portfolio type-portfolio status-publish format-standard has-post-thumbnail hentry portfolio_category-karton-verpackungen portfolio_category-scatole-shopper-de vp-portfolio__item-uid-942ed26d\" data-vp-filter=\"karton-verpackungen,scatole-shopper-de\"         >\n            \n<div class=\"vp-portfolio__item-popup\" data-vp-popup-img=\"https:\/\/nathandb.ch\/wp-content\/uploads\/2020\/09\/CASSE-NEUTRE-VARI-COLORI-scaled.jpg\" data-vp-popup-img-srcset=\"https:\/\/nathandb.ch\/wp-content\/uploads\/2020\/09\/CASSE-NEUTRE-VARI-COLORI-scaled.jpg 2560w, https:\/\/nathandb.ch\/wp-content\/uploads\/2020\/09\/CASSE-NEUTRE-VARI-COLORI-300x225.jpg 300w, https:\/\/nathandb.ch\/wp-content\/uploads\/2020\/09\/CASSE-NEUTRE-VARI-COLORI-1024x768.jpg 1024w, https:\/\/nathandb.ch\/wp-content\/uploads\/2020\/09\/CASSE-NEUTRE-VARI-COLORI-768x576.jpg 768w, https:\/\/nathandb.ch\/wp-content\/uploads\/2020\/09\/CASSE-NEUTRE-VARI-COLORI-1536x1152.jpg 1536w, https:\/\/nathandb.ch\/wp-content\/uploads\/2020\/09\/CASSE-NEUTRE-VARI-COLORI-2048x1536.jpg 2048w\" data-vp-popup-img-size=\"1920x1440\" data-vp-popup-md-img=\"https:\/\/nathandb.ch\/wp-content\/uploads\/2020\/09\/CASSE-NEUTRE-VARI-COLORI-scaled.jpg\" data-vp-popup-md-img-size=\"800x600\" data-vp-popup-sm-img=\"https:\/\/nathandb.ch\/wp-content\/uploads\/2020\/09\/CASSE-NEUTRE-VARI-COLORI-scaled.jpg\" data-vp-popup-sm-img-size=\"500x375\">\n            <h3 class=\"vp-portfolio__item-popup-title\">CASSE NEUTRE VARI COLORI<\/h3>\n                <div class=\"vp-portfolio__item-popup-description\">CASSE NEUTRE VARI COLORI<\/div>\n        <\/div>\n                        <figure class=\"vp-portfolio__item\">\n                \n<div class=\"vp-portfolio__item-img-wrap\">\n    <div class=\"vp-portfolio__item-img\">\n            <a\n        href=\"https:\/\/nathandb.ch\/de\/portfolio\/cassette-di-legno\/\"\n            >\n    \n        <img loading=\"lazy\" decoding=\"async\" width=\"1920\" height=\"1440\" src=\"https:\/\/nathandb.ch\/wp-content\/uploads\/2020\/09\/CASSE-NEUTRE-VARI-COLORI-scaled.jpg\" class=\"wp-image-6068\" alt=\"\" srcset=\"https:\/\/nathandb.ch\/wp-content\/uploads\/2020\/09\/CASSE-NEUTRE-VARI-COLORI-scaled.jpg 2560w, https:\/\/nathandb.ch\/wp-content\/uploads\/2020\/09\/CASSE-NEUTRE-VARI-COLORI-300x225.jpg 300w, https:\/\/nathandb.ch\/wp-content\/uploads\/2020\/09\/CASSE-NEUTRE-VARI-COLORI-1024x768.jpg 1024w, https:\/\/nathandb.ch\/wp-content\/uploads\/2020\/09\/CASSE-NEUTRE-VARI-COLORI-768x576.jpg 768w, https:\/\/nathandb.ch\/wp-content\/uploads\/2020\/09\/CASSE-NEUTRE-VARI-COLORI-1536x1152.jpg 1536w, https:\/\/nathandb.ch\/wp-content\/uploads\/2020\/09\/CASSE-NEUTRE-VARI-COLORI-2048x1536.jpg 2048w\" sizes=\"auto, (max-width: 1920px) 100vw, 1920px\" \/>\n        <div class=\"vp-portfolio__item-img-overlay\">\n                    <\/div>\n\n        <\/a>    <\/div>\n<\/div>\n\n<figcaption class=\"vp-portfolio__item-overlay vp-portfolio__item-align-center\">\n            <div class=\"vp-portfolio__item-meta\">\n            \n<h2 class=\"vp-portfolio__item-meta-title\">\n        <a\n        href=\"https:\/\/nathandb.ch\/de\/portfolio\/cassette-di-legno\/\"\n            >\n    Holzkisten<\/a><\/h2>\n        <\/div>\n    <\/figcaption>\n            <\/figure>\n                    <\/article>\n        \n<\/div>\n        <\/div>\n                <div class=\"vp-portfolio__layout-elements vp-portfolio__layout-elements-bottom vp-portfolio__layout-elements-align-center\">\n                <div class=\"vp-portfolio__pagination-wrap\">\n                <\/div>\n                <\/div>\n        \n<\/div>\n[vc_separator show_border=&#8221;yes_border&#8221;][vc_column_text]<\/p>\n<h1 style=\"text-align: center;\">HOLZKISTEN<\/h1>\n<p>[\/vc_column_text][vc_column_text]<\/p>\n<p style=\"text-align: left;\"><span class=\"VIiyi\" lang=\"de\"><span class=\"JLqJ4b\" data-language-for-alternatives=\"de\" data-language-to-translate-into=\"it\" data-phrase-index=\"0\" data-number-of-phrases=\"1\">Von einfach bis komplex produzieren wir Schachteln f\u00fcr verschiedene Produktbereiche. Der Bedarf des Marktes f\u00fchrt dazu, dass wir Standard- oder vollst\u00e4ndig kundenspezifische Verpackungen herstellen. Holzarten Wir k\u00f6nnen Produkte aus Massivholz, Sperrholz und MDF herstellen. Die verwendeten H\u00f6lzer sind alle von h\u00f6chster Qualit\u00e4t und stammen aus zertifizierten Lieferketten. Tanne, Kiefer, Eiche, Kastanie, Pappel, Birke sind nur einige Beispiele. Je nach Ausf\u00fchrung oder Individualisierung des Produkts k\u00f6nnen wir Sie am besten beraten. Veredelungen Wir f\u00fchren Lackierungen mit wasserbasierten und ungiftigen Farben, Lackierungen, Impr\u00e4gnierungen mit gl\u00e4nzender oder matter Oberfl\u00e4che durch. Von Drucken \u00fcber ein- oder mehrfarbige bis hin zu vierfarbigen Prozessen. Auf einer oder mehreren Seiten der Verpackung. Feuerdruck in der Weinindustrie ist oft eine Holzverbrennung erforderlich. Die W\u00e4rme und Tradition, die diese Art von Druck ausdr\u00fcckt, ist einzigartig. Schatullenverschl\u00fcsse mit Scharnieren und Clips, mit oder ohne Innentrenner.<\/span><\/span><\/p>\n<p>[\/vc_column_text][vc_single_image image=&#8221;7734&#8243; alignment=&#8221;center&#8221; img_size=&#8221;large&#8221;][vc_separator show_border=&#8221;yes_border&#8221;][vc_column_text]<\/p>\n<h1 style=\"text-align: center;\">ROHR<\/h1>\n<p>[\/vc_column_text][vc_single_image image=&#8221;6339&#8243; alignment=&#8221;center&#8221; img_size=&#8221;large&#8221;][vc_separator show_border=&#8221;yes_border&#8221;][vc_column_text]<\/p>\n<h1 style=\"text-align: center;\">PAPIERSACK<\/h1>\n<p>[\/vc_column_text][vc_single_image image=&#8221;6553&#8243; alignment=&#8221;center&#8221; img_size=&#8221;large&#8221;][vc_separator show_border=&#8221;yes_border&#8221;][vc_column_text]<\/p>\n<h1 style=\"text-align: center;\">SEIDENPAPIER<\/h1>\n<p>[\/vc_column_text][vc_single_image image=&#8221;6454&#8243; alignment=&#8221;center&#8221; img_size=&#8221;large&#8221;][vc_separator show_border=&#8221;yes_border&#8221;][vc_column_text]<\/p>\n<h1 style=\"text-align: center;\">VERPACKUNS MATERIALIEN<\/h1>\n<p>[\/vc_column_text][vc_single_image image=&#8221;6617&#8243; alignment=&#8221;center&#8221; img_size=&#8221;large&#8221;][vc_separator show_border=&#8221;yes_border&#8221;][vc_column_text]<\/p>\n<h1 style=\"text-align: center;\">PAPIERK\u00d6RBE<\/h1>\n<p>[\/vc_column_text][vc_single_image image=&#8221;6327&#8243; alignment=&#8221;center&#8221; img_size=&#8221;large&#8221;][\/vc_column][\/vc_row]<\/p>\n","protected":false},"excerpt":{"rendered":"<p>[vc_row][vc_column][vc_column_text] KARTON VERPACKUNGEN [\/vc_column_text][vc_separator show_border=&#8221;yes_border&#8221;][vc_column_text] HOLZKISTEN [\/vc_column_text][vc_column_text] Von einfach bis komplex produzieren wir Schachteln f\u00fcr verschiedene Produktbereiche. Der Bedarf des Marktes f\u00fchrt dazu, dass wir Standard- oder vollst\u00e4ndig kundenspezifische Verpackungen herstellen. Holzarten Wir k\u00f6nnen Produkte aus Massivholz, Sperrholz und MDF herstellen. Die verwendeten H\u00f6lzer sind alle von h\u00f6chster Qualit\u00e4t und stammen aus zertifizierten Lieferketten. Tanne, [&hellip;]<\/p>\n","protected":false},"author":1,"featured_media":0,"parent":0,"menu_order":0,"comment_status":"closed","ping_status":"closed","template":"","meta":{"_vp_format_video_url":"","_vp_image_focal_point":[],"_vp_custom_popup_image":0,"_vp_format_audio_url":"","_vp_custom_thumbnail":0,"_vp_custom_thumbnail_focal_point":[],"_vp_hover_thumbnail":0,"_vp_hover_thumbnail_focal_point":[],"footnotes":""},"class_list":["post-7596","page","type-page","status-publish","hentry"],"_links":{"self":[{"href":"https:\/\/nathandb.ch\/de\/wp-json\/wp\/v2\/pages\/7596","targetHints":{"allow":["GET"]}}],"collection":[{"href":"https:\/\/nathandb.ch\/de\/wp-json\/wp\/v2\/pages"}],"about":[{"href":"https:\/\/nathandb.ch\/de\/wp-json\/wp\/v2\/types\/page"}],"author":[{"embeddable":true,"href":"https:\/\/nathandb.ch\/de\/wp-json\/wp\/v2\/users\/1"}],"replies":[{"embeddable":true,"href":"https:\/\/nathandb.ch\/de\/wp-json\/wp\/v2\/comments?post=7596"}],"version-history":[{"count":12,"href":"https:\/\/nathandb.ch\/de\/wp-json\/wp\/v2\/pages\/7596\/revisions"}],"predecessor-version":[{"id":7737,"href":"https:\/\/nathandb.ch\/de\/wp-json\/wp\/v2\/pages\/7596\/revisions\/7737"}],"wp:attachment":[{"href":"https:\/\/nathandb.ch\/de\/wp-json\/wp\/v2\/media?parent=7596"}],"curies":[{"name":"wp","href":"https:\/\/api.w.org\/{rel}","templated":true}]}}