{"id":6635,"date":"2020-11-30T18:20:18","date_gmt":"2020-11-30T18:20:18","guid":{"rendered":"https:\/\/nathandb.ch\/?page_id=6635"},"modified":"2021-08-24T14:54:43","modified_gmt":"2021-08-24T14:54:43","slug":"contacts","status":"publish","type":"page","link":"https:\/\/nathandb.ch\/fr\/contacts\/","title":{"rendered":"Contacts"},"content":{"rendered":"<p>[vc_row][vc_column el_position=&#8221;first last&#8221;][vc_text_separator title=&#8221;MAPPA&#8221; width=&#8221;1\/1&#8243; el_position=&#8221;first last&#8221;][vc_raw_html width=&#8221;1\/1&#8243; el_position=&#8221;first last&#8221;]JTNDaWZyYW1lJTIwc3JjJTNEJTIyaHR0cHMlM0ElMkYlMkZ3d3cuZ29vZ2xlLmNvbSUyRm1hcHMlMkZlbWJlZCUzRnBiJTNEJTIxMW0xOCUyMTFtMTIlMjExbTMlMjExZDI3NzguMTA0NTgwNzIzODc0JTIxMmQ4Ljk5MDY0MDI1NTg2NjY5JTIxM2Q0NS44NjkyMTcyMTk4NzQwMSUyMTJtMyUyMTFmMCUyMTJmMCUyMTNmMCUyMTNtMiUyMTFpMTAyNCUyMTJpNzY4JTIxNGYxMy4xJTIxM20zJTIxMW0yJTIxMXMweDQ3ODQyODMzODllYTRkNDUlMjUzQTB4MTFmOGY0MTA4ZTE1ODhmMSUyMTJzVmlhJTJCSW5kdXN0cmlhJTJCNSUyNTJDJTJCNjg1MCUyQk1lbmRyaXNpbyUyMTVlMCUyMTNtMiUyMTFzaXQlMjEyc2NoJTIxNHYxNTU4MDc2NzQxMDMwJTIxNW0yJTIxMXNpdCUyMTJzY2glMjIlMjB3aWR0aCUzRCUyMjYwMCUyMiUyMGhlaWdodCUzRCUyMjQ1MCUyMiUyMGZyYW1lYm9yZGVyJTNEJTIyMCUyMiUyMHN0eWxlJTNEJTIyYm9yZGVyJTNBMCUyMiUyMGFsbG93ZnVsbHNjcmVlbiUzRSUzQyUyRmlmcmFtZSUzRQ==[\/vc_raw_html][\/vc_column][\/vc_row][vc_row][vc_column width=&#8221;1\/4&#8243; el_position=&#8221;first&#8221;][vc_text_separator title=&#8221;Contact&#8221; width=&#8221;1\/1&#8243; el_position=&#8221;first last&#8221;][vc_column_text width=&#8221;1\/1&#8243; el_position=&#8221;first last&#8221;]Si\u00e8ge social:<br \/>\nVia Industria 5<br \/>\nCH &#8211; 6850 Mendrisio<br \/>\nSwitzerland<\/p>\n<p>Si\u00e8ge social:<br \/>\nRoute d&#8217;Ec\u00f4ne\u00a03<br \/>\n1907 Saxon<\/p>\n<p>Magasin:<br \/>\nChiasso<br \/>\nSion<br \/>\nMartigny<\/p>\n<p>&nbsp;<\/p>\n<p>Tel. 091\/682 41 65<br \/>\nFax. 091\/682 41 66<\/p>\n<p>Email: <a href=\"#\">info@nathandb.ch<\/a><br \/>\nWeb: <a href=\"#\">www.nathandb.ch<\/a>[\/vc_column_text][\/vc_column][vc_column width=&#8221;3\/4&#8243; el_position=&#8221;last&#8221;][vc_text_separator title=&#8221;ENVOIEZ-NOUS VOTRE REQUEST&#8221; width=&#8221;1\/1&#8243; el_position=&#8221;first last&#8221;]\n<div class=\"wpcf7 no-js\" id=\"wpcf7-f6654-o1\" lang=\"it-IT\" dir=\"ltr\">\n<div class=\"screen-reader-response\"><p role=\"status\" aria-live=\"polite\" aria-atomic=\"true\"><\/p> <ul><\/ul><\/div>\n<form action=\"\/fr\/wp-json\/wp\/v2\/pages\/6635#wpcf7-f6654-o1\" method=\"post\" class=\"wpcf7-form init\" aria-label=\"Modulo di contatto\" novalidate=\"novalidate\" data-status=\"init\">\n<div style=\"display: none;\">\n<input type=\"hidden\" name=\"_wpcf7\" value=\"6654\" \/>\n<input type=\"hidden\" name=\"_wpcf7_version\" value=\"5.7.4\" \/>\n<input type=\"hidden\" name=\"_wpcf7_locale\" value=\"it_IT\" \/>\n<input type=\"hidden\" name=\"_wpcf7_unit_tag\" value=\"wpcf7-f6654-o1\" \/>\n<input type=\"hidden\" name=\"_wpcf7_container_post\" value=\"0\" \/>\n<input type=\"hidden\" name=\"_wpcf7_posted_data_hash\" value=\"\" \/>\n<input type=\"hidden\" name=\"_wpcf7_recaptcha_response\" value=\"\" \/>\n<\/div>\n<p><label> Nom (richiesto)<br \/>\n<span class=\"wpcf7-form-control-wrap\" data-name=\"your-name\"><input size=\"40\" class=\"wpcf7-form-control wpcf7-text wpcf7-validates-as-required\" aria-required=\"true\" aria-invalid=\"false\" value=\"\" type=\"text\" name=\"your-name\" \/><\/span> <\/label>\n<\/p>\n<p><label> email (richiesto)<br \/>\n<span class=\"wpcf7-form-control-wrap\" data-name=\"your-email\"><input size=\"40\" class=\"wpcf7-form-control wpcf7-text wpcf7-email wpcf7-validates-as-required wpcf7-validates-as-email\" aria-required=\"true\" aria-invalid=\"false\" value=\"\" type=\"email\" name=\"your-email\" \/><\/span> <\/label>\n<\/p>\n<p><label> Subjet<br \/>\n<span class=\"wpcf7-form-control-wrap\" data-name=\"your-subject\"><input size=\"40\" class=\"wpcf7-form-control wpcf7-text\" aria-invalid=\"false\" value=\"\" type=\"text\" name=\"your-subject\" \/><\/span> <\/label>\n<\/p>\n<p><label> Votre message<br \/>\n<span class=\"wpcf7-form-control-wrap\" data-name=\"your-message\"><textarea cols=\"40\" rows=\"10\" class=\"wpcf7-form-control wpcf7-textarea\" aria-invalid=\"false\" name=\"your-message\"><\/textarea><\/span> <\/label>\n<\/p>\n<p>Entrer le code: <input type=\"hidden\" name=\"_wpcf7_captcha_challenge_captcha-118\" value=\"3538923767\" \/><img loading=\"lazy\" decoding=\"async\" class=\"wpcf7-form-control wpcf7-captchac wpcf7-captcha-captcha-118\" width=\"84\" height=\"28\" alt=\"captcha\" src=\"https:\/\/nathandb.ch\/wp-content\/uploads\/wpcf7_captcha\/3538923767.png\" \/><br \/>\n<span class=\"wpcf7-form-control-wrap\" data-name=\"captcha-118\"><input size=\"4\" maxlength=\"4\" class=\"wpcf7-form-control wpcf7-captchar\" autocomplete=\"off\" aria-invalid=\"false\" value=\"\" type=\"text\" name=\"captcha-118\" \/><\/span>\n<\/p>\n<p><input class=\"wpcf7-form-control has-spinner wpcf7-submit\" type=\"submit\" value=\"Invia\" \/>\n<\/p><p style=\"display: none !important;\"><label>&#916;<textarea name=\"_wpcf7_ak_hp_textarea\" cols=\"45\" rows=\"8\" maxlength=\"100\"><\/textarea><\/label><input type=\"hidden\" id=\"ak_js_1\" name=\"_wpcf7_ak_js\" value=\"87\"\/><script>document.getElementById( \"ak_js_1\" ).setAttribute( \"value\", ( new Date() ).getTime() );<\/script><\/p><div class=\"wpcf7-response-output\" aria-hidden=\"true\"><\/div>\n<\/form>\n<\/div>\n[\/vc_column][\/vc_row]<\/p>\n","protected":false},"excerpt":{"rendered":"<p>[vc_row][vc_column el_position=&#8221;first last&#8221;][vc_text_separator title=&#8221;MAPPA&#8221; width=&#8221;1\/1&#8243; el_position=&#8221;first last&#8221;][vc_raw_html width=&#8221;1\/1&#8243; el_position=&#8221;first last&#8221;]JTNDaWZyYW1lJTIwc3JjJTNEJTIyaHR0cHMlM0ElMkYlMkZ3d3cuZ29vZ2xlLmNvbSUyRm1hcHMlMkZlbWJlZCUzRnBiJTNEJTIxMW0xOCUyMTFtMTIlMjExbTMlMjExZDI3NzguMTA0NTgwNzIzODc0JTIxMmQ4Ljk5MDY0MDI1NTg2NjY5JTIxM2Q0NS44NjkyMTcyMTk4NzQwMSUyMTJtMyUyMTFmMCUyMTJmMCUyMTNmMCUyMTNtMiUyMTFpMTAyNCUyMTJpNzY4JTIxNGYxMy4xJTIxM20zJTIxMW0yJTIxMXMweDQ3ODQyODMzODllYTRkNDUlMjUzQTB4MTFmOGY0MTA4ZTE1ODhmMSUyMTJzVmlhJTJCSW5kdXN0cmlhJTJCNSUyNTJDJTJCNjg1MCUyQk1lbmRyaXNpbyUyMTVlMCUyMTNtMiUyMTFzaXQlMjEyc2NoJTIxNHYxNTU4MDc2NzQxMDMwJTIxNW0yJTIxMXNpdCUyMTJzY2glMjIlMjB3aWR0aCUzRCUyMjYwMCUyMiUyMGhlaWdodCUzRCUyMjQ1MCUyMiUyMGZyYW1lYm9yZGVyJTNEJTIyMCUyMiUyMHN0eWxlJTNEJTIyYm9yZGVyJTNBMCUyMiUyMGFsbG93ZnVsbHNjcmVlbiUzRSUzQyUyRmlmcmFtZSUzRQ==[\/vc_raw_html][\/vc_column][\/vc_row][vc_row][vc_column width=&#8221;1\/4&#8243; el_position=&#8221;first&#8221;][vc_text_separator title=&#8221;Contact&#8221; width=&#8221;1\/1&#8243; el_position=&#8221;first last&#8221;][vc_column_text width=&#8221;1\/1&#8243; el_position=&#8221;first last&#8221;]Si\u00e8ge social: Via Industria 5 CH &#8211; 6850 Mendrisio Switzerland Si\u00e8ge social: Route d&#8217;Ec\u00f4ne\u00a03 1907 Saxon Magasin: Chiasso Sion Martigny &nbsp; Tel. 091\/682 41 65 Fax. 091\/682 41 66 Email: info@nathandb.ch Web: www.nathandb.ch[\/vc_column_text][\/vc_column][vc_column width=&#8221;3\/4&#8243; el_position=&#8221;last&#8221;][vc_text_separator title=&#8221;ENVOIEZ-NOUS VOTRE [&hellip;]<\/p>\n","protected":false},"author":1,"featured_media":0,"parent":0,"menu_order":0,"comment_status":"closed","ping_status":"closed","template":"","meta":{"_vp_format_video_url":"","_vp_image_focal_point":[],"_vp_custom_popup_image":0,"_vp_format_audio_url":"","_vp_custom_thumbnail":0,"_vp_custom_thumbnail_focal_point":[],"_vp_hover_thumbnail":0,"_vp_hover_thumbnail_focal_point":[],"footnotes":""},"class_list":["post-6635","page","type-page","status-publish","hentry"],"_links":{"self":[{"href":"https:\/\/nathandb.ch\/fr\/wp-json\/wp\/v2\/pages\/6635","targetHints":{"allow":["GET"]}}],"collection":[{"href":"https:\/\/nathandb.ch\/fr\/wp-json\/wp\/v2\/pages"}],"about":[{"href":"https:\/\/nathandb.ch\/fr\/wp-json\/wp\/v2\/types\/page"}],"author":[{"embeddable":true,"href":"https:\/\/nathandb.ch\/fr\/wp-json\/wp\/v2\/users\/1"}],"replies":[{"embeddable":true,"href":"https:\/\/nathandb.ch\/fr\/wp-json\/wp\/v2\/comments?post=6635"}],"version-history":[{"count":5,"href":"https:\/\/nathandb.ch\/fr\/wp-json\/wp\/v2\/pages\/6635\/revisions"}],"predecessor-version":[{"id":7437,"href":"https:\/\/nathandb.ch\/fr\/wp-json\/wp\/v2\/pages\/6635\/revisions\/7437"}],"wp:attachment":[{"href":"https:\/\/nathandb.ch\/fr\/wp-json\/wp\/v2\/media?parent=6635"}],"curies":[{"name":"wp","href":"https:\/\/api.w.org\/{rel}","templated":true}]}}