{"id":6644,"date":"2020-11-30T18:22:32","date_gmt":"2020-11-30T18:22:32","guid":{"rendered":"https:\/\/nathandb.ch\/?page_id=6644"},"modified":"2021-05-05T15:15:48","modified_gmt":"2021-05-05T15:15:48","slug":"sur-nous","status":"publish","type":"page","link":"https:\/\/nathandb.ch\/fr\/sur-nous\/","title":{"rendered":"Sur nous"},"content":{"rendered":"<p>[vc_row][vc_column][vc_column_text width=&#8221;1\/1&#8243; el_position=&#8221;first last&#8221;]<\/p>\n<h1><strong>Notre groupe, notre force <\/strong>!<\/h1>\n<p>[\/vc_column_text][vc_separator height_2=&#8221;30&#8243; height=&#8221;-40&#8243; show_border=&#8221;yes_border&#8221; top=&#8221;-30&#8243; bottom=&#8221;40&#8243; width=&#8221;1\/1&#8243; el_position=&#8221;first last&#8221;][\/vc_column][\/vc_row][vc_row][vc_column][vc_column_text el_class=&#8221;lessMargin&#8221; width=&#8221;1\/1&#8243; el_position=&#8221;first last&#8221;]Nathan Group SA est une soci\u00e9t\u00e9 suisse avec le si\u00e8ge principale \u00e0 Mendrisio.<\/p>\n<p>Notre activit\u00e9 principale est le commerce et la distribution en Suisse de tous les produits de conditionnement et d&#8217;emballage.<\/p>\n<p>Nous sommes sp\u00e9cialis\u00e9s pour tout type d&#8217;approvisionnement, des petits volumes aux plus \u00e9lev\u00e9s avec possibilit\u00e9 de gestion &#8220;juste in time&#8221;.<\/p>\n<p>Notre entreprise est appr\u00e9ci\u00e9e par tous nos clients pour son efficacit\u00e9, sa garantie et son excellent rapport qualit\u00e9-prix.<\/p>\n<p>Notre \u00e9quipe est \u00e0 votre disposition pour toute demande d&#8217;offre.[\/vc_column_text][\/vc_column][\/vc_row][vc_row][vc_column][vc_single_image image=&#8221;6020&#8243; alignment=&#8221;center&#8221; img_size=&#8221;full&#8221;][\/vc_column][\/vc_row]<\/p>\n","protected":false},"excerpt":{"rendered":"<p>[vc_row][vc_column][vc_column_text width=&#8221;1\/1&#8243; el_position=&#8221;first last&#8221;] Notre groupe, notre force ! [\/vc_column_text][vc_separator height_2=&#8221;30&#8243; height=&#8221;-40&#8243; show_border=&#8221;yes_border&#8221; top=&#8221;-30&#8243; bottom=&#8221;40&#8243; width=&#8221;1\/1&#8243; el_position=&#8221;first last&#8221;][\/vc_column][\/vc_row][vc_row][vc_column][vc_column_text el_class=&#8221;lessMargin&#8221; width=&#8221;1\/1&#8243; el_position=&#8221;first last&#8221;]Nathan Group SA est une soci\u00e9t\u00e9 suisse avec le si\u00e8ge principale \u00e0 Mendrisio. Notre activit\u00e9 principale est le commerce et la distribution en Suisse de tous les produits de conditionnement et d&#8217;emballage. Nous sommes [&hellip;]<\/p>\n","protected":false},"author":1,"featured_media":0,"parent":0,"menu_order":0,"comment_status":"closed","ping_status":"closed","template":"","meta":{"_vp_format_video_url":"","_vp_image_focal_point":[],"_vp_custom_popup_image":0,"_vp_format_audio_url":"","_vp_custom_thumbnail":0,"_vp_custom_thumbnail_focal_point":[],"_vp_hover_thumbnail":0,"_vp_hover_thumbnail_focal_point":[],"footnotes":""},"class_list":["post-6644","page","type-page","status-publish","hentry"],"_links":{"self":[{"href":"https:\/\/nathandb.ch\/fr\/wp-json\/wp\/v2\/pages\/6644","targetHints":{"allow":["GET"]}}],"collection":[{"href":"https:\/\/nathandb.ch\/fr\/wp-json\/wp\/v2\/pages"}],"about":[{"href":"https:\/\/nathandb.ch\/fr\/wp-json\/wp\/v2\/types\/page"}],"author":[{"embeddable":true,"href":"https:\/\/nathandb.ch\/fr\/wp-json\/wp\/v2\/users\/1"}],"replies":[{"embeddable":true,"href":"https:\/\/nathandb.ch\/fr\/wp-json\/wp\/v2\/comments?post=6644"}],"version-history":[{"count":3,"href":"https:\/\/nathandb.ch\/fr\/wp-json\/wp\/v2\/pages\/6644\/revisions"}],"predecessor-version":[{"id":7435,"href":"https:\/\/nathandb.ch\/fr\/wp-json\/wp\/v2\/pages\/6644\/revisions\/7435"}],"wp:attachment":[{"href":"https:\/\/nathandb.ch\/fr\/wp-json\/wp\/v2\/media?parent=6644"}],"curies":[{"name":"wp","href":"https:\/\/api.w.org\/{rel}","templated":true}]}}