{"id":7598,"date":"2021-08-25T10:10:02","date_gmt":"2021-08-25T10:10:02","guid":{"rendered":"https:\/\/nathandb.ch\/?page_id=7598"},"modified":"2021-11-30T08:28:28","modified_gmt":"2021-11-30T08:28:28","slug":"produits","status":"publish","type":"page","link":"https:\/\/nathandb.ch\/fr\/produits\/","title":{"rendered":"Produits"},"content":{"rendered":"<p>[vc_row][vc_column][vc_column_text]<\/p>\n<h1 style=\"text-align: center;\">EMBALLAGES EN CARTON<\/h1>\n<p>[\/vc_column_text]\n<div class=\"vp-portfolio vp-uid-0df558a8 vp-id-7657  \"\n    data-vp-layout=\"masonry\" data-vp-content-source=\"post-based\" data-vp-items-style=\"default\" data-vp-items-click-action=\"url\" data-vp-items-gap=\"45\" data-vp-items-gap-vertical=\"\" data-vp-pagination=\"paged\" data-vp-next-page-url=\"\" data-vp-masonry-columns=\"3\" >\n    <div class=\"vp-portfolio__preloader-wrap\">\n        <div class=\"vp-portfolio__preloader\">\n            <img decoding=\"async\" loading=\"eager\" src=\"https:\/\/nathandb.ch\/wp-content\/plugins\/visual-portfolio\/assets\/images\/logo-dark.svg\" alt=\"Visual Portfolio, Posts &amp; Image Gallery for WordPress\" width=\"20\" height=\"20\" data-skip-lazy>\n        <\/div>\n    <\/div>\n        <div class=\"vp-portfolio__layout-elements vp-portfolio__layout-elements-top vp-portfolio__layout-elements-align-center\">\n                <div class=\"vp-portfolio__filter-wrap\">\n        \n<div class=\"vp-filter vp-filter__style-default\">\n            <div class=\"vp-filter__item vp-filter__item-active\">\n            <a href=\"https:\/\/nathandb.ch\/fr\/wp-json\/wp\/v2\/pages\/7598\" data-vp-filter=\"*\">\n                All\n                            <\/a>\n        <\/div>\n                <div class=\"vp-filter__item\">\n            <a href=\"https:\/\/nathandb.ch\/fr\/wp-json\/wp\/v2\/pages\/7598?vp_filter=portfolio_category%3Acartons-fermeture-scotche\" data-vp-filter=\"cartons-fermeture-scotche\">\n                Carton fermeture \u00e0 scotch\u00e9\n                            <\/a>\n        <\/div>\n                <div class=\"vp-filter__item\">\n            <a href=\"https:\/\/nathandb.ch\/fr\/wp-json\/wp\/v2\/pages\/7598?vp_filter=portfolio_category%3Aembalalges-en-carton\" data-vp-filter=\"embalalges-en-carton\">\n                Emballages en carton\n                            <\/a>\n        <\/div>\n                <div class=\"vp-filter__item\">\n            <a href=\"https:\/\/nathandb.ch\/fr\/wp-json\/wp\/v2\/pages\/7598?vp_filter=portfolio_category%3Aetuis\" data-vp-filter=\"etuis\">\n                Etuis\n                            <\/a>\n        <\/div>\n                <div class=\"vp-filter__item\">\n            <a href=\"https:\/\/nathandb.ch\/fr\/wp-json\/wp\/v2\/pages\/7598?vp_filter=portfolio_category%3Aseparations\" data-vp-filter=\"separations\">\n                S\u00e9parations\n                            <\/a>\n        <\/div>\n                <div class=\"vp-filter__item\">\n            <a href=\"https:\/\/nathandb.ch\/fr\/wp-json\/wp\/v2\/pages\/7598?vp_filter=portfolio_category%3Ascatole-shopper-fr\" data-vp-filter=\"scatole-shopper-fr\">\n                Shopper fr\n                            <\/a>\n        <\/div>\n        <\/div>\n        <\/div>\n                <\/div>\n                <div class=\"vp-portfolio__items-wrap\">\n            \n<div class=\"vp-portfolio__items vp-portfolio__items-style-default vp-portfolio__items-show-overlay-hover vp-portfolio__items-show-image-filter-hover\">\n\n        <article        class=\"vp-portfolio__item-wrap post-7565 portfolio type-portfolio status-publish format-standard has-post-thumbnail hentry portfolio_category-embalalges-en-carton portfolio_category-etuis vp-portfolio__item-uid-fbf0b98d\" data-vp-filter=\"embalalges-en-carton,etuis\"         >\n            \n<div class=\"vp-portfolio__item-popup\" data-vp-popup-img=\"https:\/\/nathandb.ch\/wp-content\/uploads\/2020\/09\/nathan-sacchetti-05.jpg\" data-vp-popup-img-srcset=\"https:\/\/nathandb.ch\/wp-content\/uploads\/2020\/09\/nathan-sacchetti-05.jpg 900w, https:\/\/nathandb.ch\/wp-content\/uploads\/2020\/09\/nathan-sacchetti-05-169x300.jpg 169w, https:\/\/nathandb.ch\/wp-content\/uploads\/2020\/09\/nathan-sacchetti-05-576x1024.jpg 576w, https:\/\/nathandb.ch\/wp-content\/uploads\/2020\/09\/nathan-sacchetti-05-768x1365.jpg 768w, https:\/\/nathandb.ch\/wp-content\/uploads\/2020\/09\/nathan-sacchetti-05-864x1536.jpg 864w\" data-vp-popup-img-size=\"900x1600\" data-vp-popup-md-img=\"https:\/\/nathandb.ch\/wp-content\/uploads\/2020\/09\/nathan-sacchetti-05.jpg\" data-vp-popup-md-img-size=\"800x1422\" data-vp-popup-sm-img=\"https:\/\/nathandb.ch\/wp-content\/uploads\/2020\/09\/nathan-sacchetti-05.jpg\" data-vp-popup-sm-img-size=\"500x889\">\n            <h3 class=\"vp-portfolio__item-popup-title\">nathan-sacchetti-05<\/h3>\n                <div class=\"vp-portfolio__item-popup-description\">nathan-sacchetti-05<\/div>\n        <\/div>\n                        <figure class=\"vp-portfolio__item\">\n                \n<div class=\"vp-portfolio__item-img-wrap\">\n    <div class=\"vp-portfolio__item-img\">\n            <a\n        href=\"https:\/\/nathandb.ch\/fr\/portfolio\/sac-a-papier\/\"\n            >\n    \n        <img loading=\"lazy\" decoding=\"async\" width=\"900\" height=\"1600\" src=\"https:\/\/nathandb.ch\/wp-content\/uploads\/2020\/09\/nathan-sacchetti-05.jpg\" class=\"wp-image-6093\" alt=\"\" srcset=\"https:\/\/nathandb.ch\/wp-content\/uploads\/2020\/09\/nathan-sacchetti-05.jpg 900w, https:\/\/nathandb.ch\/wp-content\/uploads\/2020\/09\/nathan-sacchetti-05-169x300.jpg 169w, https:\/\/nathandb.ch\/wp-content\/uploads\/2020\/09\/nathan-sacchetti-05-576x1024.jpg 576w, https:\/\/nathandb.ch\/wp-content\/uploads\/2020\/09\/nathan-sacchetti-05-768x1365.jpg 768w, https:\/\/nathandb.ch\/wp-content\/uploads\/2020\/09\/nathan-sacchetti-05-864x1536.jpg 864w\" sizes=\"auto, (max-width: 900px) 100vw, 900px\" \/>\n        <div class=\"vp-portfolio__item-img-overlay\">\n                    <\/div>\n\n        <\/a>    <\/div>\n<\/div>\n\n<figcaption class=\"vp-portfolio__item-overlay vp-portfolio__item-align-center\">\n            <div class=\"vp-portfolio__item-meta\">\n            \n<h2 class=\"vp-portfolio__item-meta-title\">\n        <a\n        href=\"https:\/\/nathandb.ch\/fr\/portfolio\/sac-a-papier\/\"\n            >\n    Sac \u00e0 papier<\/a><\/h2>\n        <\/div>\n    <\/figcaption>\n            <\/figure>\n                    <\/article>\n        \n        <article        class=\"vp-portfolio__item-wrap post-7550 portfolio type-portfolio status-publish format-standard has-post-thumbnail hentry portfolio_category-embalalges-en-carton portfolio_category-separations vp-portfolio__item-uid-a0b71ec1\" data-vp-filter=\"embalalges-en-carton,separations\"         >\n            \n<div class=\"vp-portfolio__item-popup\" data-vp-popup-img=\"https:\/\/nathandb.ch\/wp-content\/uploads\/2020\/09\/nathan-castelli-04.jpg\" data-vp-popup-img-srcset=\"https:\/\/nathandb.ch\/wp-content\/uploads\/2020\/09\/nathan-castelli-04.jpg 900w, https:\/\/nathandb.ch\/wp-content\/uploads\/2020\/09\/nathan-castelli-04-169x300.jpg 169w, https:\/\/nathandb.ch\/wp-content\/uploads\/2020\/09\/nathan-castelli-04-576x1024.jpg 576w, https:\/\/nathandb.ch\/wp-content\/uploads\/2020\/09\/nathan-castelli-04-768x1365.jpg 768w, https:\/\/nathandb.ch\/wp-content\/uploads\/2020\/09\/nathan-castelli-04-864x1536.jpg 864w\" data-vp-popup-img-size=\"900x1600\" data-vp-popup-md-img=\"https:\/\/nathandb.ch\/wp-content\/uploads\/2020\/09\/nathan-castelli-04.jpg\" data-vp-popup-md-img-size=\"800x1422\" data-vp-popup-sm-img=\"https:\/\/nathandb.ch\/wp-content\/uploads\/2020\/09\/nathan-castelli-04.jpg\" data-vp-popup-sm-img-size=\"500x889\">\n            <h3 class=\"vp-portfolio__item-popup-title\">nathan-castelli-04<\/h3>\n                <div class=\"vp-portfolio__item-popup-description\">nathan-castelli-04<\/div>\n        <\/div>\n                        <figure class=\"vp-portfolio__item\">\n                \n<div class=\"vp-portfolio__item-img-wrap\">\n    <div class=\"vp-portfolio__item-img\">\n            <a\n        href=\"https:\/\/nathandb.ch\/fr\/portfolio\/panier\/\"\n            >\n    \n        <img loading=\"lazy\" decoding=\"async\" width=\"900\" height=\"1600\" src=\"https:\/\/nathandb.ch\/wp-content\/uploads\/2020\/09\/nathan-castelli-04.jpg\" class=\"wp-image-6119\" alt=\"\" srcset=\"https:\/\/nathandb.ch\/wp-content\/uploads\/2020\/09\/nathan-castelli-04.jpg 900w, https:\/\/nathandb.ch\/wp-content\/uploads\/2020\/09\/nathan-castelli-04-169x300.jpg 169w, https:\/\/nathandb.ch\/wp-content\/uploads\/2020\/09\/nathan-castelli-04-576x1024.jpg 576w, https:\/\/nathandb.ch\/wp-content\/uploads\/2020\/09\/nathan-castelli-04-768x1365.jpg 768w, https:\/\/nathandb.ch\/wp-content\/uploads\/2020\/09\/nathan-castelli-04-864x1536.jpg 864w\" sizes=\"auto, (max-width: 900px) 100vw, 900px\" \/>\n        <div class=\"vp-portfolio__item-img-overlay\">\n                    <\/div>\n\n        <\/a>    <\/div>\n<\/div>\n\n<figcaption class=\"vp-portfolio__item-overlay vp-portfolio__item-align-center\">\n            <div class=\"vp-portfolio__item-meta\">\n            \n<h2 class=\"vp-portfolio__item-meta-title\">\n        <a\n        href=\"https:\/\/nathandb.ch\/fr\/portfolio\/panier\/\"\n            >\n    Panier<\/a><\/h2>\n        <\/div>\n    <\/figcaption>\n            <\/figure>\n                    <\/article>\n        \n        <article        class=\"vp-portfolio__item-wrap post-7469 portfolio type-portfolio status-publish format-standard has-post-thumbnail hentry portfolio_category-cartons-fermeture-scotche portfolio_category-embalalges-en-carton vp-portfolio__item-uid-f3849f91\" data-vp-filter=\"cartons-fermeture-scotche,embalalges-en-carton\"         >\n            \n<div class=\"vp-portfolio__item-popup\" data-vp-popup-img=\"https:\/\/nathandb.ch\/wp-content\/uploads\/2020\/09\/RIVE-DU-BISSE-2-scaled.jpg\" data-vp-popup-img-srcset=\"https:\/\/nathandb.ch\/wp-content\/uploads\/2020\/09\/RIVE-DU-BISSE-2-scaled.jpg 2560w, https:\/\/nathandb.ch\/wp-content\/uploads\/2020\/09\/RIVE-DU-BISSE-2-300x225.jpg 300w, https:\/\/nathandb.ch\/wp-content\/uploads\/2020\/09\/RIVE-DU-BISSE-2-1024x768.jpg 1024w, https:\/\/nathandb.ch\/wp-content\/uploads\/2020\/09\/RIVE-DU-BISSE-2-768x576.jpg 768w, https:\/\/nathandb.ch\/wp-content\/uploads\/2020\/09\/RIVE-DU-BISSE-2-1536x1152.jpg 1536w, https:\/\/nathandb.ch\/wp-content\/uploads\/2020\/09\/RIVE-DU-BISSE-2-2048x1536.jpg 2048w\" data-vp-popup-img-size=\"1920x1440\" data-vp-popup-md-img=\"https:\/\/nathandb.ch\/wp-content\/uploads\/2020\/09\/RIVE-DU-BISSE-2-scaled.jpg\" data-vp-popup-md-img-size=\"800x600\" data-vp-popup-sm-img=\"https:\/\/nathandb.ch\/wp-content\/uploads\/2020\/09\/RIVE-DU-BISSE-2-scaled.jpg\" data-vp-popup-sm-img-size=\"500x375\">\n            <h3 class=\"vp-portfolio__item-popup-title\">RIVE DU BISSE 2<\/h3>\n                <div class=\"vp-portfolio__item-popup-description\">RIVE DU BISSE 2<\/div>\n        <\/div>\n                        <figure class=\"vp-portfolio__item\">\n                \n<div class=\"vp-portfolio__item-img-wrap\">\n    <div class=\"vp-portfolio__item-img\">\n            <a\n        href=\"https:\/\/nathandb.ch\/fr\/portfolio\/scatole-in-cartone\/\"\n            >\n    \n        <img loading=\"lazy\" decoding=\"async\" width=\"1920\" height=\"1440\" src=\"https:\/\/nathandb.ch\/wp-content\/uploads\/2020\/09\/RIVE-DU-BISSE-2-scaled.jpg\" class=\"wp-image-6316\" alt=\"\" srcset=\"https:\/\/nathandb.ch\/wp-content\/uploads\/2020\/09\/RIVE-DU-BISSE-2-scaled.jpg 2560w, https:\/\/nathandb.ch\/wp-content\/uploads\/2020\/09\/RIVE-DU-BISSE-2-300x225.jpg 300w, https:\/\/nathandb.ch\/wp-content\/uploads\/2020\/09\/RIVE-DU-BISSE-2-1024x768.jpg 1024w, https:\/\/nathandb.ch\/wp-content\/uploads\/2020\/09\/RIVE-DU-BISSE-2-768x576.jpg 768w, https:\/\/nathandb.ch\/wp-content\/uploads\/2020\/09\/RIVE-DU-BISSE-2-1536x1152.jpg 1536w, https:\/\/nathandb.ch\/wp-content\/uploads\/2020\/09\/RIVE-DU-BISSE-2-2048x1536.jpg 2048w\" sizes=\"auto, (max-width: 1920px) 100vw, 1920px\" \/>\n        <div class=\"vp-portfolio__item-img-overlay\">\n                    <\/div>\n\n        <\/a>    <\/div>\n<\/div>\n\n<figcaption class=\"vp-portfolio__item-overlay vp-portfolio__item-align-center\">\n            <div class=\"vp-portfolio__item-meta\">\n            \n<h2 class=\"vp-portfolio__item-meta-title\">\n        <a\n        href=\"https:\/\/nathandb.ch\/fr\/portfolio\/scatole-in-cartone\/\"\n            >\n    Bo\u00eetes en carton<\/a><\/h2>\n        <\/div>\n    <\/figcaption>\n            <\/figure>\n                    <\/article>\n        \n        <article        class=\"vp-portfolio__item-wrap post-7477 portfolio type-portfolio status-publish format-standard has-post-thumbnail hentry portfolio_category-embalalges-en-carton portfolio_category-scatole-shopper-fr vp-portfolio__item-uid-0d2783d7\" data-vp-filter=\"embalalges-en-carton,scatole-shopper-fr\"         >\n            \n<div class=\"vp-portfolio__item-popup\" data-vp-popup-img=\"https:\/\/nathandb.ch\/wp-content\/uploads\/2020\/09\/CASSE-NEUTRE-VARI-COLORI-scaled.jpg\" data-vp-popup-img-srcset=\"https:\/\/nathandb.ch\/wp-content\/uploads\/2020\/09\/CASSE-NEUTRE-VARI-COLORI-scaled.jpg 2560w, https:\/\/nathandb.ch\/wp-content\/uploads\/2020\/09\/CASSE-NEUTRE-VARI-COLORI-300x225.jpg 300w, https:\/\/nathandb.ch\/wp-content\/uploads\/2020\/09\/CASSE-NEUTRE-VARI-COLORI-1024x768.jpg 1024w, https:\/\/nathandb.ch\/wp-content\/uploads\/2020\/09\/CASSE-NEUTRE-VARI-COLORI-768x576.jpg 768w, https:\/\/nathandb.ch\/wp-content\/uploads\/2020\/09\/CASSE-NEUTRE-VARI-COLORI-1536x1152.jpg 1536w, https:\/\/nathandb.ch\/wp-content\/uploads\/2020\/09\/CASSE-NEUTRE-VARI-COLORI-2048x1536.jpg 2048w\" data-vp-popup-img-size=\"1920x1440\" data-vp-popup-md-img=\"https:\/\/nathandb.ch\/wp-content\/uploads\/2020\/09\/CASSE-NEUTRE-VARI-COLORI-scaled.jpg\" data-vp-popup-md-img-size=\"800x600\" data-vp-popup-sm-img=\"https:\/\/nathandb.ch\/wp-content\/uploads\/2020\/09\/CASSE-NEUTRE-VARI-COLORI-scaled.jpg\" data-vp-popup-sm-img-size=\"500x375\">\n            <h3 class=\"vp-portfolio__item-popup-title\">CASSE NEUTRE VARI COLORI<\/h3>\n                <div class=\"vp-portfolio__item-popup-description\">CASSE NEUTRE VARI COLORI<\/div>\n        <\/div>\n                        <figure class=\"vp-portfolio__item\">\n                \n<div class=\"vp-portfolio__item-img-wrap\">\n    <div class=\"vp-portfolio__item-img\">\n            <a\n        href=\"https:\/\/nathandb.ch\/fr\/portfolio\/cassette-di-legno\/\"\n            >\n    \n        <img loading=\"lazy\" decoding=\"async\" width=\"1920\" height=\"1440\" src=\"https:\/\/nathandb.ch\/wp-content\/uploads\/2020\/09\/CASSE-NEUTRE-VARI-COLORI-scaled.jpg\" class=\"wp-image-6067\" alt=\"\" srcset=\"https:\/\/nathandb.ch\/wp-content\/uploads\/2020\/09\/CASSE-NEUTRE-VARI-COLORI-scaled.jpg 2560w, https:\/\/nathandb.ch\/wp-content\/uploads\/2020\/09\/CASSE-NEUTRE-VARI-COLORI-300x225.jpg 300w, https:\/\/nathandb.ch\/wp-content\/uploads\/2020\/09\/CASSE-NEUTRE-VARI-COLORI-1024x768.jpg 1024w, https:\/\/nathandb.ch\/wp-content\/uploads\/2020\/09\/CASSE-NEUTRE-VARI-COLORI-768x576.jpg 768w, https:\/\/nathandb.ch\/wp-content\/uploads\/2020\/09\/CASSE-NEUTRE-VARI-COLORI-1536x1152.jpg 1536w, https:\/\/nathandb.ch\/wp-content\/uploads\/2020\/09\/CASSE-NEUTRE-VARI-COLORI-2048x1536.jpg 2048w\" sizes=\"auto, (max-width: 1920px) 100vw, 1920px\" \/>\n        <div class=\"vp-portfolio__item-img-overlay\">\n                    <\/div>\n\n        <\/a>    <\/div>\n<\/div>\n\n<figcaption class=\"vp-portfolio__item-overlay vp-portfolio__item-align-center\">\n            <div class=\"vp-portfolio__item-meta\">\n            \n<h2 class=\"vp-portfolio__item-meta-title\">\n        <a\n        href=\"https:\/\/nathandb.ch\/fr\/portfolio\/cassette-di-legno\/\"\n            >\n    Bo\u00eetes en bois<\/a><\/h2>\n        <\/div>\n    <\/figcaption>\n            <\/figure>\n                    <\/article>\n        \n<\/div>\n        <\/div>\n                <div class=\"vp-portfolio__layout-elements vp-portfolio__layout-elements-bottom vp-portfolio__layout-elements-align-center\">\n                <div class=\"vp-portfolio__pagination-wrap\">\n                <\/div>\n                <\/div>\n        \n<\/div>\n[vc_separator show_border=&#8221;yes_border&#8221;][vc_column_text]<\/p>\n<h1 style=\"text-align: center;\">CAISSES EN BOIS<\/h1>\n<p>[\/vc_column_text][vc_column_text]<\/p>\n<div class=\"J0lOec\"><span class=\"VIiyi\" lang=\"fr\"><span class=\"JLqJ4b\" data-language-for-alternatives=\"fr\" data-language-to-translate-into=\"it\" data-phrase-index=\"0\" data-number-of-phrases=\"1\">Du simple au complexe, nous produisons des bo\u00eetes pour divers secteurs de produits. Le besoin du march\u00e9 nous am\u00e8ne \u00e0 produire des emballages standards ou enti\u00e8rement personnalis\u00e9s. Types de bois que nous pouvons fabriquer en bois massif, contreplaqu\u00e9 et mdf. Les bois utilis\u00e9s sont tous de qualit\u00e9 sup\u00e9rieure et proviennent de cha\u00eenes d&#8217;approvisionnement certifi\u00e9es. Sapin, pin, ch\u00eane, ch\u00e2taignier, peuplier, bouleau ne sont que quelques exemples. Selon la finition ou la personnalisation du produit, nous saurons vous conseiller au mieux. Finitions Nous r\u00e9alisons des peintures avec des couleurs \u00e0 l&#8217;eau et non toxiques, des laquages, des impr\u00e9gnations avec des finitions brillantes ou mates.La personnalisation de la s\u00e9rigraphie.Notre service de s\u00e9rigraphie est en mesure de satisfaire toutes les demandes. Des impressions \u00e0 une ou plusieurs couleurs, jusqu&#8217;\u00e0 la quadrichromie. Sur un ou plusieurs c\u00f4t\u00e9s de l&#8217;emballage. Impression au feu dans l&#8217;industrie du vin, la combustion du bois est souvent requise. La chaleur et la tradition qu&#8217;exprime ce type d&#8217;imprim\u00e9 sont uniques. Fermetures de type cercueil avec charni\u00e8res et clips, avec ou sans s\u00e9parateurs internes.<\/span><\/span><\/div>\n<div class=\"UdTY9 Yb6eTe\" aria-hidden=\"true\" data-location=\"2\">\n<div class=\"kO6q6e\"><\/div>\n<\/div>\n<div class=\"BdDRKe\">\n<div class=\"aJIq1d DSmisd\" data-language-code=\"fr\" data-language-name=\"Francese\" data-text=\"Du simple au complexe, nous produisons des bo\u00eetes pour divers secteurs de produits. Le besoin du march\u00e9 nous am\u00e8ne \u00e0 produire des emballages standards ou enti\u00e8rement personnalis\u00e9s. Types de bois que nous pouvons fabriquer en bois massif, contreplaqu\u00e9 et mdf. Les bois utilis\u00e9s sont tous de qualit\u00e9 sup\u00e9rieure et proviennent de cha\u00eenes d'approvisionnement certifi\u00e9es. Sapin, pin, ch\u00eane, ch\u00e2taignier, peuplier, bouleau ne sont que quelques exemples. Selon la finition ou la personnalisation du produit, nous saurons vous conseiller au mieux. Finitions Nous r\u00e9alisons des peintures avec des couleurs \u00e0 l'eau et non toxiques, des laquages, des impr\u00e9gnations avec des finitions brillantes ou mates.La personnalisation de la s\u00e9rigraphie.Notre service de s\u00e9rigraphie est en mesure de satisfaire toutes les demandes. Des impressions \u00e0 une ou plusieurs couleurs, jusqu'\u00e0 la quadrichromie. Sur un ou plusieurs c\u00f4t\u00e9s de l'emballage. Impression au feu dans l'industrie du vin, la combustion du bois est souvent requise. La chaleur et la tradition qu'exprime ce type d'imprim\u00e9 sont uniques. Fermetures de type cercueil avec charni\u00e8res et clips, avec ou sans s\u00e9parateurs internes.\" data-crosslingual-hint=\"\" data-location=\"2\" data-enable-toggle-playback-speed=\"true\">\n<div data-show-delay-ms=\"250\" data-append-to-body=\"true\" data-propagate-tooltip-mouseover-events=\"true\" data-anchor-corner=\"bottom-left\" data-enable-skip-handler=\"false\" data-popup-corner=\"top-left\">\n<div><\/div>\n<\/div>\n<\/div>\n<\/div>\n<div class=\"aJIq1d DSmisd\" data-language-code=\"fr\" data-language-name=\"Francese\" data-text=\"Du simple au complexe, nous produisons des bo\u00eetes pour divers secteurs de produits. Le besoin du march\u00e9 nous am\u00e8ne \u00e0 produire des emballages standards ou enti\u00e8rement personnalis\u00e9s. Types de bois que nous pouvons fabriquer en bois massif, contreplaqu\u00e9 et mdf. Les bois utilis\u00e9s sont tous de qualit\u00e9 sup\u00e9rieure et proviennent de cha\u00eenes d'approvisionnement certifi\u00e9es. Sapin, pin, ch\u00eane, ch\u00e2taignier, peuplier, bouleau ne sont que quelques exemples. Selon la finition ou la personnalisation du produit, nous saurons vous conseiller au mieux. Finitions Nous r\u00e9alisons des peintures avec des couleurs \u00e0 l'eau et non toxiques, des laquages, des impr\u00e9gnations avec des finitions brillantes ou mates.La personnalisation de la s\u00e9rigraphie.Notre service de s\u00e9rigraphie est en mesure de satisfaire toutes les demandes. Des impressions \u00e0 une ou plusieurs couleurs, jusqu'\u00e0 la quadrichromie. Sur un ou plusieurs c\u00f4t\u00e9s de l'emballage. Impression au feu dans l'industrie du vin, la combustion du bois est souvent requise. La chaleur et la tradition qu'exprime ce type d'imprim\u00e9 sont uniques. Fermetures de type cercueil avec charni\u00e8res et clips, avec ou sans s\u00e9parateurs internes.\" data-crosslingual-hint=\"\" data-location=\"2\" data-enable-toggle-playback-speed=\"true\">\n<div data-show-delay-ms=\"250\" data-append-to-body=\"true\" data-propagate-tooltip-mouseover-events=\"true\" data-anchor-corner=\"bottom-left\" data-enable-skip-handler=\"false\" data-popup-corner=\"top-left\"><\/div>\n<\/div>\n<div data-show-delay-ms=\"250\" data-append-to-body=\"true\" data-propagate-tooltip-mouseover-events=\"true\" data-anchor-corner=\"bottom-left\" data-enable-skip-handler=\"false\" data-popup-corner=\"top-left\">\n<div><\/div>\n<\/div>\n<p>[\/vc_column_text][vc_single_image image=&#8221;6066&#8243; alignment=&#8221;center&#8221; img_size=&#8221;large&#8221;][vc_separator show_border=&#8221;yes_border&#8221;][vc_column_text]<\/p>\n<h1 style=\"text-align: center;\">TUBES<\/h1>\n<p>[\/vc_column_text][vc_single_image image=&#8221;6339&#8243; alignment=&#8221;center&#8221; img_size=&#8221;large&#8221;][vc_separator show_border=&#8221;yes_border&#8221;][vc_column_text]<\/p>\n<h1 style=\"text-align: center;\">SAC \u00c0 PAPIER<\/h1>\n<p>[\/vc_column_text][vc_single_image image=&#8221;6553&#8243; alignment=&#8221;center&#8221; img_size=&#8221;large&#8221;][vc_separator show_border=&#8221;yes_border&#8221;][vc_column_text]<\/p>\n<h1 style=\"text-align: center;\">PAPIER DE SOIE<\/h1>\n<p>[\/vc_column_text][vc_single_image image=&#8221;6454&#8243; alignment=&#8221;center&#8221; img_size=&#8221;large&#8221;][vc_separator show_border=&#8221;yes_border&#8221;][vc_column_text]<\/p>\n<h1 style=\"text-align: center;\">MAT\u00c9RIEL D&#8217;EMBALLAGE<\/h1>\n<p>[\/vc_column_text][vc_single_image image=&#8221;6617&#8243; alignment=&#8221;center&#8221; img_size=&#8221;large&#8221;][vc_separator show_border=&#8221;yes_border&#8221;][vc_column_text]<\/p>\n<h1 style=\"text-align: center;\">PANIER<\/h1>\n<p>[\/vc_column_text][vc_single_image image=&#8221;6327&#8243; alignment=&#8221;center&#8221; img_size=&#8221;large&#8221;][\/vc_column][\/vc_row]<\/p>\n","protected":false},"excerpt":{"rendered":"<p>[vc_row][vc_column][vc_column_text] EMBALLAGES EN CARTON [\/vc_column_text][vc_separator show_border=&#8221;yes_border&#8221;][vc_column_text] CAISSES EN BOIS [\/vc_column_text][vc_column_text] Du simple au complexe, nous produisons des bo\u00eetes pour divers secteurs de produits. Le besoin du march\u00e9 nous am\u00e8ne \u00e0 produire des emballages standards ou enti\u00e8rement personnalis\u00e9s. Types de bois que nous pouvons fabriquer en bois massif, contreplaqu\u00e9 et mdf. Les bois utilis\u00e9s sont tous [&hellip;]<\/p>\n","protected":false},"author":1,"featured_media":0,"parent":0,"menu_order":0,"comment_status":"closed","ping_status":"closed","template":"","meta":{"_vp_format_video_url":"","_vp_image_focal_point":[],"_vp_custom_popup_image":0,"_vp_format_audio_url":"","_vp_custom_thumbnail":0,"_vp_custom_thumbnail_focal_point":[],"_vp_hover_thumbnail":0,"_vp_hover_thumbnail_focal_point":[],"footnotes":""},"class_list":["post-7598","page","type-page","status-publish","hentry"],"_links":{"self":[{"href":"https:\/\/nathandb.ch\/fr\/wp-json\/wp\/v2\/pages\/7598","targetHints":{"allow":["GET"]}}],"collection":[{"href":"https:\/\/nathandb.ch\/fr\/wp-json\/wp\/v2\/pages"}],"about":[{"href":"https:\/\/nathandb.ch\/fr\/wp-json\/wp\/v2\/types\/page"}],"author":[{"embeddable":true,"href":"https:\/\/nathandb.ch\/fr\/wp-json\/wp\/v2\/users\/1"}],"replies":[{"embeddable":true,"href":"https:\/\/nathandb.ch\/fr\/wp-json\/wp\/v2\/comments?post=7598"}],"version-history":[{"count":11,"href":"https:\/\/nathandb.ch\/fr\/wp-json\/wp\/v2\/pages\/7598\/revisions"}],"predecessor-version":[{"id":7729,"href":"https:\/\/nathandb.ch\/fr\/wp-json\/wp\/v2\/pages\/7598\/revisions\/7729"}],"wp:attachment":[{"href":"https:\/\/nathandb.ch\/fr\/wp-json\/wp\/v2\/media?parent=7598"}],"curies":[{"name":"wp","href":"https:\/\/api.w.org\/{rel}","templated":true}]}}